{"id":1077,"date":"2025-09-26T04:40:41","date_gmt":"2025-09-26T04:40:41","guid":{"rendered":"https:\/\/nvocodesa.simamex.com\/?page_id=1077"},"modified":"2025-09-28T02:55:13","modified_gmt":"2025-09-28T02:55:13","slug":"proteccion-civil","status":"publish","type":"page","link":"https:\/\/nvocodesa.simamex.com\/index.php\/proteccion-civil\/","title":{"rendered":"Protecci\u00f3n Civil"},"content":{"rendered":"\t\t<div data-elementor-type=\"wp-page\" data-elementor-id=\"1077\" class=\"elementor elementor-1077\">\n\t\t\t\t<div class=\"elementor-element elementor-element-b2e7918 e-flex e-con-boxed e-con e-parent\" data-id=\"b2e7918\" data-element_type=\"container\" data-settings=\"{&quot;background_background&quot;:&quot;classic&quot;}\">\n\t\t\t\t\t<div class=\"e-con-inner\">\n\t\t\t\t<div class=\"elementor-element elementor-element-bd53772 elementor-widget elementor-widget-heading\" data-id=\"bd53772\" data-element_type=\"widget\" data-widget_type=\"heading.default\">\n\t\t\t\t\t<h3 class=\"elementor-heading-title elementor-size-default\">PROGRAMA INTERNO<BR>\nPROTECCI\u00d3N CIVIL<\/h3>\t\t\t\t<\/div>\n\t\t\t\t<div class=\"elementor-element elementor-element-3c2757e elementor-widget elementor-widget-text-editor\" data-id=\"3c2757e\" data-element_type=\"widget\" data-widget_type=\"text-editor.default\">\n\t\t\t\t\t\t\t\t\t<p style=\"text-align: justify;\">Brindamos asesor\u00eda t\u00e9cnica para el cumplimiento de normativas en seguridad y salud en el trabajo, garantizando espacios laborales seguros y adecuados. Dise\u00f1amos programas para la prevenci\u00f3n de accidentes, evaluaci\u00f3n de riesgos en instalaciones, manejo de materiales peligrosos y control de emergencias. Adem\u00e1s, capacitamos a los equipos en pr\u00e1cticas de seguridad industrial efectivas, promoviendo una cultura de protecci\u00f3n y bienestar laboral<\/p>\t\t\t\t\t\t\t\t<\/div>\n\t\t\t\t\t<\/div>\n\t\t\t\t<\/div>\n\t\t<div class=\"elementor-element elementor-element-a1bce07 e-flex e-con-boxed e-con e-parent\" data-id=\"a1bce07\" data-element_type=\"container\" data-settings=\"{&quot;background_background&quot;:&quot;classic&quot;}\">\n\t\t\t\t\t<div class=\"e-con-inner\">\n\t\t<div class=\"elementor-element elementor-element-71dda8b5 e-con-full e-flex e-con e-child\" data-id=\"71dda8b5\" data-element_type=\"container\" data-settings=\"{&quot;background_background&quot;:&quot;classic&quot;}\">\n\t\t<div class=\"elementor-element elementor-element-65c5be77 e-con-full e-flex e-con e-child\" data-id=\"65c5be77\" data-element_type=\"container\">\n\t\t\t\t<div class=\"elementor-element elementor-element-13aa96bc elementor-widget elementor-widget-heading\" data-id=\"13aa96bc\" data-element_type=\"widget\" data-widget_type=\"heading.default\">\n\t\t\t\t\t<h4 class=\"elementor-heading-title elementor-size-default\">Programas internos, espec\u00edficos y especiales<\/h4>\t\t\t\t<\/div>\n\t\t\t\t<div class=\"elementor-element elementor-element-3d046950 elementor-widget elementor-widget-text-editor\" data-id=\"3d046950\" data-element_type=\"widget\" data-widget_type=\"text-editor.default\">\n\t\t\t\t\t\t\t\t\t<ul><li>Estudios de riesgos<\/li><li>Dise\u00f1o de planes de prevenci\u00f3n<\/li><li>Dise\u00f1o de planes de control<\/li><li>Tr\u00e1mite y presentaci\u00f3n ante autoridades<\/li><\/ul>\t\t\t\t\t\t\t\t<\/div>\n\t\t\t\t<\/div>\n\t\t<div class=\"elementor-element elementor-element-707be332 e-con-full e-flex e-con e-child\" data-id=\"707be332\" data-element_type=\"container\">\n\t\t\t\t<div class=\"elementor-element elementor-element-70395d67 elementor-widget elementor-widget-image\" data-id=\"70395d67\" data-element_type=\"widget\" data-widget_type=\"image.default\">\n\t\t\t\t\t\t\t\t\t\t\t\t\t\t\t<img fetchpriority=\"high\" decoding=\"async\" width=\"768\" height=\"512\" src=\"https:\/\/nvocodesa.simamex.com\/wp-content\/uploads\/2025\/09\/Prog_protecCivil-768x512.png\" class=\"attachment-medium_large size-medium_large wp-image-1137\" alt=\"\" srcset=\"https:\/\/nvocodesa.simamex.com\/wp-content\/uploads\/2025\/09\/Prog_protecCivil-768x512.png 768w, https:\/\/nvocodesa.simamex.com\/wp-content\/uploads\/2025\/09\/Prog_protecCivil-300x200.png 300w, https:\/\/nvocodesa.simamex.com\/wp-content\/uploads\/2025\/09\/Prog_protecCivil-1024x683.png 1024w, https:\/\/nvocodesa.simamex.com\/wp-content\/uploads\/2025\/09\/Prog_protecCivil-1000x667.png 1000w, https:\/\/nvocodesa.simamex.com\/wp-content\/uploads\/2025\/09\/Prog_protecCivil-230x153.png 230w, https:\/\/nvocodesa.simamex.com\/wp-content\/uploads\/2025\/09\/Prog_protecCivil-350x233.png 350w, https:\/\/nvocodesa.simamex.com\/wp-content\/uploads\/2025\/09\/Prog_protecCivil-480x320.png 480w, https:\/\/nvocodesa.simamex.com\/wp-content\/uploads\/2025\/09\/Prog_protecCivil.png 1536w\" sizes=\"(max-width: 768px) 100vw, 768px\" \/>\t\t\t\t\t\t\t\t\t\t\t\t\t\t\t<\/div>\n\t\t\t\t<\/div>\n\t\t\t\t<\/div>\n\t\t<div class=\"elementor-element elementor-element-b21ec70 e-con-full e-flex e-con e-child\" data-id=\"b21ec70\" data-element_type=\"container\" data-settings=\"{&quot;background_background&quot;:&quot;classic&quot;}\">\n\t\t<div class=\"elementor-element elementor-element-432733ed e-con-full e-flex e-con e-child\" data-id=\"432733ed\" data-element_type=\"container\">\n\t\t\t\t<div class=\"elementor-element elementor-element-78824169 elementor-widget elementor-widget-heading\" data-id=\"78824169\" data-element_type=\"widget\" data-widget_type=\"heading.default\">\n\t\t\t\t\t<h3 class=\"elementor-heading-title elementor-size-default\">Dise\u00f1o de sistemas<\/h3>\t\t\t\t<\/div>\n\t\t\t\t<div class=\"elementor-element elementor-element-13f59218 elementor-widget elementor-widget-text-editor\" data-id=\"13f59218\" data-element_type=\"widget\" data-widget_type=\"text-editor.default\">\n\t\t\t\t\t\t\t\t\t<ul><li>Se\u00f1alizaci\u00f3n<\/li><li>Sistemas control de incendios<\/li><li>Equipamiento de PC<\/li><\/ul>\t\t\t\t\t\t\t\t<\/div>\n\t\t\t\t<\/div>\n\t\t<div class=\"elementor-element elementor-element-4707760a e-con-full e-flex e-con e-child\" data-id=\"4707760a\" data-element_type=\"container\">\n\t\t\t\t<div class=\"elementor-element elementor-element-36174d19 elementor-widget elementor-widget-image\" data-id=\"36174d19\" data-element_type=\"widget\" data-widget_type=\"image.default\">\n\t\t\t\t\t\t\t\t\t\t\t\t\t\t\t<img decoding=\"async\" width=\"1024\" height=\"683\" src=\"https:\/\/nvocodesa.simamex.com\/wp-content\/uploads\/2025\/09\/sist_protecCivil-1024x683.png\" class=\"attachment-large size-large wp-image-1132\" alt=\"\" srcset=\"https:\/\/nvocodesa.simamex.com\/wp-content\/uploads\/2025\/09\/sist_protecCivil-1024x683.png 1024w, https:\/\/nvocodesa.simamex.com\/wp-content\/uploads\/2025\/09\/sist_protecCivil-300x200.png 300w, https:\/\/nvocodesa.simamex.com\/wp-content\/uploads\/2025\/09\/sist_protecCivil-768x512.png 768w, https:\/\/nvocodesa.simamex.com\/wp-content\/uploads\/2025\/09\/sist_protecCivil-1000x667.png 1000w, https:\/\/nvocodesa.simamex.com\/wp-content\/uploads\/2025\/09\/sist_protecCivil-230x153.png 230w, https:\/\/nvocodesa.simamex.com\/wp-content\/uploads\/2025\/09\/sist_protecCivil-350x233.png 350w, https:\/\/nvocodesa.simamex.com\/wp-content\/uploads\/2025\/09\/sist_protecCivil-480x320.png 480w, https:\/\/nvocodesa.simamex.com\/wp-content\/uploads\/2025\/09\/sist_protecCivil.png 1536w\" sizes=\"(max-width: 1024px) 100vw, 1024px\" \/>\t\t\t\t\t\t\t\t\t\t\t\t\t\t\t<\/div>\n\t\t\t\t<\/div>\n\t\t\t\t<\/div>\n\t\t<div class=\"elementor-element elementor-element-4678980 e-con-full e-flex e-con e-child\" data-id=\"4678980\" data-element_type=\"container\" data-settings=\"{&quot;background_background&quot;:&quot;classic&quot;}\">\n\t\t<div class=\"elementor-element elementor-element-38b24f9 e-con-full e-flex e-con e-child\" data-id=\"38b24f9\" data-element_type=\"container\">\n\t\t\t\t<div class=\"elementor-element elementor-element-052a6ef elementor-widget elementor-widget-heading\" data-id=\"052a6ef\" data-element_type=\"widget\" data-widget_type=\"heading.default\">\n\t\t\t\t\t<h3 class=\"elementor-heading-title elementor-size-default\">Capacitaci\u00f3n<\/h3>\t\t\t\t<\/div>\n\t\t\t\t<div class=\"elementor-element elementor-element-1c22be4 elementor-widget elementor-widget-text-editor\" data-id=\"1c22be4\" data-element_type=\"widget\" data-widget_type=\"text-editor.default\">\n\t\t\t\t\t\t\t\t\t<ul><li>Integraci\u00f3n brigadas<\/li><li>Primeros auxilios<\/li><li>Combate y prevenci\u00f3n de incendios<\/li><li>Evacuaci\u00f3n<\/li><li>Manejo de crisis<\/li><li>Comunicaciones<\/li><\/ul>\t\t\t\t\t\t\t\t<\/div>\n\t\t\t\t<\/div>\n\t\t<div class=\"elementor-element elementor-element-ee2ac1e e-con-full e-flex e-con e-child\" data-id=\"ee2ac1e\" data-element_type=\"container\">\n\t\t\t\t<div class=\"elementor-element elementor-element-e8cda63 elementor-widget elementor-widget-image\" data-id=\"e8cda63\" data-element_type=\"widget\" data-widget_type=\"image.default\">\n\t\t\t\t\t\t\t\t\t\t\t\t\t\t\t<img decoding=\"async\" width=\"1024\" height=\"683\" src=\"https:\/\/nvocodesa.simamex.com\/wp-content\/uploads\/2025\/09\/ProtecCivil_capacitacion_-1024x683.png\" class=\"attachment-large size-large wp-image-1229\" alt=\"\" srcset=\"https:\/\/nvocodesa.simamex.com\/wp-content\/uploads\/2025\/09\/ProtecCivil_capacitacion_-1024x683.png 1024w, https:\/\/nvocodesa.simamex.com\/wp-content\/uploads\/2025\/09\/ProtecCivil_capacitacion_-300x200.png 300w, https:\/\/nvocodesa.simamex.com\/wp-content\/uploads\/2025\/09\/ProtecCivil_capacitacion_-768x512.png 768w, https:\/\/nvocodesa.simamex.com\/wp-content\/uploads\/2025\/09\/ProtecCivil_capacitacion_-1000x667.png 1000w, https:\/\/nvocodesa.simamex.com\/wp-content\/uploads\/2025\/09\/ProtecCivil_capacitacion_-230x153.png 230w, https:\/\/nvocodesa.simamex.com\/wp-content\/uploads\/2025\/09\/ProtecCivil_capacitacion_-350x233.png 350w, https:\/\/nvocodesa.simamex.com\/wp-content\/uploads\/2025\/09\/ProtecCivil_capacitacion_-480x320.png 480w, https:\/\/nvocodesa.simamex.com\/wp-content\/uploads\/2025\/09\/ProtecCivil_capacitacion_.png 1536w\" sizes=\"(max-width: 1024px) 100vw, 1024px\" \/>\t\t\t\t\t\t\t\t\t\t\t\t\t\t\t<\/div>\n\t\t\t\t<\/div>\n\t\t\t\t<\/div>\n\t\t\t\t\t<\/div>\n\t\t\t\t<\/div>\n\t\t\t\t<\/div>\n\t\t","protected":false},"excerpt":{"rendered":"<p>PROGRAMA INTERNO PROTECCI\u00d3N CIVIL Brindamos asesor\u00eda t\u00e9cnica para el cumplimiento de normativas en seguridad y salud en el trabajo, garantizando espacios laborales [&hellip;]<\/p>\n","protected":false},"author":1,"featured_media":0,"parent":0,"menu_order":0,"comment_status":"closed","ping_status":"closed","template":"","meta":{"episode_type":"","audio_file":"","cover_image":"","cover_image_id":"","duration":"","filesize":"","date_recorded":"","explicit":"","block":"","itunes_episode_number":"","itunes_title":"","itunes_season_number":"","itunes_episode_type":"","filesize_raw":"","_kadence_starter_templates_imported_post":false,"footnotes":""},"class_list":["post-1077","page","type-page","status-publish","hentry"],"_links":{"self":[{"href":"https:\/\/nvocodesa.simamex.com\/index.php\/wp-json\/wp\/v2\/pages\/1077","targetHints":{"allow":["GET"]}}],"collection":[{"href":"https:\/\/nvocodesa.simamex.com\/index.php\/wp-json\/wp\/v2\/pages"}],"about":[{"href":"https:\/\/nvocodesa.simamex.com\/index.php\/wp-json\/wp\/v2\/types\/page"}],"author":[{"embeddable":true,"href":"https:\/\/nvocodesa.simamex.com\/index.php\/wp-json\/wp\/v2\/users\/1"}],"replies":[{"embeddable":true,"href":"https:\/\/nvocodesa.simamex.com\/index.php\/wp-json\/wp\/v2\/comments?post=1077"}],"version-history":[{"count":45,"href":"https:\/\/nvocodesa.simamex.com\/index.php\/wp-json\/wp\/v2\/pages\/1077\/revisions"}],"predecessor-version":[{"id":1305,"href":"https:\/\/nvocodesa.simamex.com\/index.php\/wp-json\/wp\/v2\/pages\/1077\/revisions\/1305"}],"wp:attachment":[{"href":"https:\/\/nvocodesa.simamex.com\/index.php\/wp-json\/wp\/v2\/media?parent=1077"}],"curies":[{"name":"wp","href":"https:\/\/api.w.org\/{rel}","templated":true}]}}