{"id":1093,"date":"2025-09-26T18:28:42","date_gmt":"2025-09-26T18:28:42","guid":{"rendered":"https:\/\/nvocodesa.simamex.com\/?page_id=1093"},"modified":"2025-09-28T03:04:32","modified_gmt":"2025-09-28T03:04:32","slug":"nuestros-clientes","status":"publish","type":"page","link":"https:\/\/nvocodesa.simamex.com\/index.php\/nuestros-clientes\/","title":{"rendered":"Nuestros Clientes"},"content":{"rendered":"\t\t<div data-elementor-type=\"wp-page\" data-elementor-id=\"1093\" class=\"elementor elementor-1093\">\n\t\t\t\t<div class=\"elementor-element elementor-element-86e1393 e-flex e-con-boxed e-con e-parent\" data-id=\"86e1393\" data-element_type=\"container\" data-settings=\"{&quot;background_background&quot;:&quot;classic&quot;}\">\n\t\t\t\t\t<div class=\"e-con-inner\">\n\t\t\t\t<div class=\"elementor-element elementor-element-4ade52b elementor-widget elementor-widget-heading\" data-id=\"4ade52b\" data-element_type=\"widget\" data-widget_type=\"heading.default\">\n\t\t\t\t\t<h2 class=\"elementor-heading-title elementor-size-default\">NUESTROS CLIENTES<\/h2>\t\t\t\t<\/div>\n\t\t\t\t\t<\/div>\n\t\t\t\t<\/div>\n\t\t<div class=\"elementor-element elementor-element-1238900 e-con-full e-flex e-con e-parent\" data-id=\"1238900\" data-element_type=\"container\" data-settings=\"{&quot;background_background&quot;:&quot;classic&quot;}\">\n\t\t<div class=\"elementor-element elementor-element-b935495 e-con-full e-flex e-con e-child\" data-id=\"b935495\" data-element_type=\"container\">\n\t\t\t\t<div class=\"elementor-element elementor-element-6ebd980 elementor-widget__width-initial elementor-widget elementor-widget-image\" data-id=\"6ebd980\" data-element_type=\"widget\" data-widget_type=\"image.default\">\n\t\t\t\t\t\t\t\t\t\t\t\t\t\t\t<img fetchpriority=\"high\" decoding=\"async\" width=\"640\" height=\"1024\" src=\"https:\/\/nvocodesa.simamex.com\/wp-content\/uploads\/2025\/09\/clientes-640x1024.jpg\" class=\"attachment-large size-large wp-image-1145\" alt=\"\" srcset=\"https:\/\/nvocodesa.simamex.com\/wp-content\/uploads\/2025\/09\/clientes-640x1024.jpg 640w, https:\/\/nvocodesa.simamex.com\/wp-content\/uploads\/2025\/09\/clientes-188x300.jpg 188w, https:\/\/nvocodesa.simamex.com\/wp-content\/uploads\/2025\/09\/clientes-230x368.jpg 230w, https:\/\/nvocodesa.simamex.com\/wp-content\/uploads\/2025\/09\/clientes-350x560.jpg 350w, https:\/\/nvocodesa.simamex.com\/wp-content\/uploads\/2025\/09\/clientes-480x768.jpg 480w, https:\/\/nvocodesa.simamex.com\/wp-content\/uploads\/2025\/09\/clientes.jpg 664w\" sizes=\"(max-width: 640px) 100vw, 640px\" \/>\t\t\t\t\t\t\t\t\t\t\t\t\t\t\t<\/div>\n\t\t\t\t<\/div>\n\t\t<div class=\"elementor-element elementor-element-04d0883 e-con-full e-flex e-con e-child\" data-id=\"04d0883\" data-element_type=\"container\">\n\t\t<div class=\"elementor-element elementor-element-64d0c9f e-con-full e-flex e-con e-child\" data-id=\"64d0c9f\" data-element_type=\"container\">\n\t\t\t\t<\/div>\n\t\t\t\t<div class=\"elementor-element elementor-element-bb3d6b5 elementor-widget__width-inherit elementor-widget elementor-widget-heading\" data-id=\"bb3d6b5\" data-element_type=\"widget\" data-widget_type=\"heading.default\">\n\t\t\t\t\t<h2 class=\"elementor-heading-title elementor-size-default\"> 20 <\/h2>\t\t\t\t<\/div>\n\t\t\t\t<div class=\"elementor-element elementor-element-08dcbff elementor-widget__width-inherit elementor-widget elementor-widget-text-editor\" data-id=\"08dcbff\" data-element_type=\"widget\" data-widget_type=\"text-editor.default\">\n\t\t\t\t\t\t\t\t\t<pre><span style=\"color: #818181; font-family: Montserrat; font-size: 17px;\">A\u00f1os de<\/span><br style=\"color: #818181; font-family: Montserrat; font-size: 15px;\" \/><span style=\"color: #818181; font-family: Montserrat; font-size: 15px;\">experiencia nos<\/span><br style=\"color: #818181; font-family: Montserrat; font-size: 15px;\" \/><span style=\"color: #818181; font-family: Montserrat; font-size: 15px;\">respaldan.<\/span><\/pre>\t\t\t\t\t\t\t\t<\/div>\n\t\t\t\t<div class=\"elementor-element elementor-element-98b61ba elementor-widget__width-inherit elementor-widget elementor-widget-text-editor\" data-id=\"98b61ba\" data-element_type=\"widget\" data-widget_type=\"text-editor.default\">\n\t\t\t\t\t\t\t\t\t<p>\u00a0<\/p><p>Trabajamos para 21 de las 50 corporativas trasnacionales m\u00e1s importantes establecidos en M\u00e9xico, de la industria automotriz, farmac\u00e9utica, de productos de consumo, de operaciones y log\u00edstica, entre otros.<\/p>\t\t\t\t\t\t\t\t<\/div>\n\t\t\t\t<\/div>\n\t\t\t\t<\/div>\n\t\t\t\t<\/div>\n\t\t","protected":false},"excerpt":{"rendered":"<p>NUESTROS CLIENTES 20 A\u00f1os deexperiencia nosrespaldan. \u00a0 Trabajamos para 21 de las 50 corporativas trasnacionales m\u00e1s importantes establecidos en M\u00e9xico, de la [&hellip;]<\/p>\n","protected":false},"author":1,"featured_media":0,"parent":0,"menu_order":0,"comment_status":"closed","ping_status":"closed","template":"","meta":{"episode_type":"","audio_file":"","cover_image":"","cover_image_id":"","duration":"","filesize":"","date_recorded":"","explicit":"","block":"","itunes_episode_number":"","itunes_title":"","itunes_season_number":"","itunes_episode_type":"","filesize_raw":"","_kadence_starter_templates_imported_post":false,"footnotes":""},"class_list":["post-1093","page","type-page","status-publish","hentry"],"_links":{"self":[{"href":"https:\/\/nvocodesa.simamex.com\/index.php\/wp-json\/wp\/v2\/pages\/1093","targetHints":{"allow":["GET"]}}],"collection":[{"href":"https:\/\/nvocodesa.simamex.com\/index.php\/wp-json\/wp\/v2\/pages"}],"about":[{"href":"https:\/\/nvocodesa.simamex.com\/index.php\/wp-json\/wp\/v2\/types\/page"}],"author":[{"embeddable":true,"href":"https:\/\/nvocodesa.simamex.com\/index.php\/wp-json\/wp\/v2\/users\/1"}],"replies":[{"embeddable":true,"href":"https:\/\/nvocodesa.simamex.com\/index.php\/wp-json\/wp\/v2\/comments?post=1093"}],"version-history":[{"count":34,"href":"https:\/\/nvocodesa.simamex.com\/index.php\/wp-json\/wp\/v2\/pages\/1093\/revisions"}],"predecessor-version":[{"id":1323,"href":"https:\/\/nvocodesa.simamex.com\/index.php\/wp-json\/wp\/v2\/pages\/1093\/revisions\/1323"}],"wp:attachment":[{"href":"https:\/\/nvocodesa.simamex.com\/index.php\/wp-json\/wp\/v2\/media?parent=1093"}],"curies":[{"name":"wp","href":"https:\/\/api.w.org\/{rel}","templated":true}]}}