{"id":1212,"date":"2025-09-27T03:49:42","date_gmt":"2025-09-27T03:49:42","guid":{"rendered":"https:\/\/nvocodesa.simamex.com\/?page_id=1212"},"modified":"2025-09-28T03:07:11","modified_gmt":"2025-09-28T03:07:11","slug":"nosotros","status":"publish","type":"page","link":"https:\/\/nvocodesa.simamex.com\/index.php\/nosotros\/","title":{"rendered":"Nosotros"},"content":{"rendered":"\t\t<div data-elementor-type=\"wp-page\" data-elementor-id=\"1212\" class=\"elementor elementor-1212\">\n\t\t\t\t<div class=\"elementor-element elementor-element-86e1393 e-flex e-con-boxed e-con e-parent\" data-id=\"86e1393\" data-element_type=\"container\" data-settings=\"{&quot;background_background&quot;:&quot;classic&quot;}\">\n\t\t\t\t\t<div class=\"e-con-inner\">\n\t\t\t\t<div class=\"elementor-element elementor-element-4ade52b elementor-widget elementor-widget-heading\" data-id=\"4ade52b\" data-element_type=\"widget\" data-widget_type=\"heading.default\">\n\t\t\t\t\t<h2 class=\"elementor-heading-title elementor-size-default\">NOSOTROS<\/h2>\t\t\t\t<\/div>\n\t\t\t\t\t<\/div>\n\t\t\t\t<\/div>\n\t\t<div class=\"elementor-element elementor-element-1238900 e-con-full e-flex e-con e-parent\" data-id=\"1238900\" data-element_type=\"container\" data-settings=\"{&quot;background_background&quot;:&quot;classic&quot;}\">\n\t\t<div class=\"elementor-element elementor-element-b935495 e-con-full e-flex e-con e-child\" data-id=\"b935495\" data-element_type=\"container\">\n\t\t\t\t<div class=\"elementor-element elementor-element-6ebd980 elementor-widget__width-initial elementor-widget elementor-widget-image\" data-id=\"6ebd980\" data-element_type=\"widget\" data-widget_type=\"image.default\">\n\t\t\t\t\t\t\t\t\t\t\t\t\t\t\t<img fetchpriority=\"high\" decoding=\"async\" width=\"1024\" height=\"401\" src=\"https:\/\/nvocodesa.simamex.com\/wp-content\/uploads\/2025\/09\/nosotross-1024x401.jpg\" class=\"attachment-large size-large wp-image-1215\" alt=\"\" srcset=\"https:\/\/nvocodesa.simamex.com\/wp-content\/uploads\/2025\/09\/nosotross-1024x401.jpg 1024w, https:\/\/nvocodesa.simamex.com\/wp-content\/uploads\/2025\/09\/nosotross-300x118.jpg 300w, https:\/\/nvocodesa.simamex.com\/wp-content\/uploads\/2025\/09\/nosotross-768x301.jpg 768w, https:\/\/nvocodesa.simamex.com\/wp-content\/uploads\/2025\/09\/nosotross-1536x602.jpg 1536w, https:\/\/nvocodesa.simamex.com\/wp-content\/uploads\/2025\/09\/nosotross-1000x392.jpg 1000w, https:\/\/nvocodesa.simamex.com\/wp-content\/uploads\/2025\/09\/nosotross-230x90.jpg 230w, https:\/\/nvocodesa.simamex.com\/wp-content\/uploads\/2025\/09\/nosotross-350x137.jpg 350w, https:\/\/nvocodesa.simamex.com\/wp-content\/uploads\/2025\/09\/nosotross-480x188.jpg 480w, https:\/\/nvocodesa.simamex.com\/wp-content\/uploads\/2025\/09\/nosotross.jpg 1600w\" sizes=\"(max-width: 1024px) 100vw, 1024px\" \/>\t\t\t\t\t\t\t\t\t\t\t\t\t\t\t<\/div>\n\t\t<div class=\"elementor-element elementor-element-04d0883 e-con-full e-flex e-con e-child\" data-id=\"04d0883\" data-element_type=\"container\">\n\t\t\t\t<div class=\"elementor-element elementor-element-bb3d6b5 elementor-widget__width-inherit elementor-widget elementor-widget-heading\" data-id=\"bb3d6b5\" data-element_type=\"widget\" data-widget_type=\"heading.default\">\n\t\t\t\t\t<h2 class=\"elementor-heading-title elementor-size-default\">CODESA...<\/h2>\t\t\t\t<\/div>\n\t\t\t\t<div class=\"elementor-element elementor-element-08dcbff elementor-widget__width-inherit elementor-widget elementor-widget-text-editor\" data-id=\"08dcbff\" data-element_type=\"widget\" data-widget_type=\"text-editor.default\">\n\t\t\t\t\t\t\t\t\t<p style=\"text-align: JUSTIFY;\">Desarrollamos e implementamos programas integrales de protecci\u00f3n civil que incluyen an\u00e1lisis de riesgos, planes de emergencia, simulacros y capacitaci\u00f3n. Nuestro objetivo es preparar a su empresa para responder eficazmente ante desastres naturales, incendios, accidentes graves y cualquier otra contingencia, minimizando impactos humanos, materiales y operativos.<\/p>\t\t\t\t\t\t\t\t<\/div>\n\t\t\t\t<\/div>\n\t\t\t\t<\/div>\n\t\t\t\t<\/div>\n\t\t\t\t<\/div>\n\t\t","protected":false},"excerpt":{"rendered":"<p>NOSOTROS CODESA&#8230; Desarrollamos e implementamos programas integrales de protecci\u00f3n civil que incluyen an\u00e1lisis de riesgos, planes de emergencia, simulacros y capacitaci\u00f3n. Nuestro [&hellip;]<\/p>\n","protected":false},"author":1,"featured_media":0,"parent":0,"menu_order":0,"comment_status":"closed","ping_status":"closed","template":"","meta":{"episode_type":"","audio_file":"","cover_image":"","cover_image_id":"","duration":"","filesize":"","date_recorded":"","explicit":"","block":"","itunes_episode_number":"","itunes_title":"","itunes_season_number":"","itunes_episode_type":"","filesize_raw":"","_kadence_starter_templates_imported_post":false,"footnotes":""},"class_list":["post-1212","page","type-page","status-publish","hentry"],"_links":{"self":[{"href":"https:\/\/nvocodesa.simamex.com\/index.php\/wp-json\/wp\/v2\/pages\/1212","targetHints":{"allow":["GET"]}}],"collection":[{"href":"https:\/\/nvocodesa.simamex.com\/index.php\/wp-json\/wp\/v2\/pages"}],"about":[{"href":"https:\/\/nvocodesa.simamex.com\/index.php\/wp-json\/wp\/v2\/types\/page"}],"author":[{"embeddable":true,"href":"https:\/\/nvocodesa.simamex.com\/index.php\/wp-json\/wp\/v2\/users\/1"}],"replies":[{"embeddable":true,"href":"https:\/\/nvocodesa.simamex.com\/index.php\/wp-json\/wp\/v2\/comments?post=1212"}],"version-history":[{"count":19,"href":"https:\/\/nvocodesa.simamex.com\/index.php\/wp-json\/wp\/v2\/pages\/1212\/revisions"}],"predecessor-version":[{"id":1329,"href":"https:\/\/nvocodesa.simamex.com\/index.php\/wp-json\/wp\/v2\/pages\/1212\/revisions\/1329"}],"wp:attachment":[{"href":"https:\/\/nvocodesa.simamex.com\/index.php\/wp-json\/wp\/v2\/media?parent=1212"}],"curies":[{"name":"wp","href":"https:\/\/api.w.org\/{rel}","templated":true}]}}