{"id":3,"date":"2025-06-29T01:58:18","date_gmt":"2025-06-29T01:58:18","guid":{"rendered":"https:\/\/nvocodesa.simamex.com\/?page_id=3"},"modified":"2025-09-27T03:29:13","modified_gmt":"2025-09-27T03:29:13","slug":"politica-de-privacidad","status":"publish","type":"page","link":"https:\/\/nvocodesa.simamex.com\/index.php\/politica-de-privacidad\/","title":{"rendered":"Pol\u00edtica de privacidad"},"content":{"rendered":"\r\n<p style=\"text-align: center;\"><strong><span style=\"color: #ff5100;\">**POL\u00cdTICA DE PRIVACIDAD**<\/span><br \/><\/strong><strong><span style=\"color: #0069a7;\">CONSORCIO EMPRESARIAL DE CONSULTOR\u00cdA Y DESARROLLO, S.A. DE C.V.<\/span><br \/><\/strong>\u00daltima actualizaci\u00f3n: 10 octubre 2024<\/p>\r\n<p>&nbsp;<\/p>\r\n<p><strong>1. Identidad y domicilio del responsable<\/strong><\/p>\r\n<p><strong>CONSORCIO EMPRESARIAL DE CONSULTOR\u00cdA Y DESARROLLO, S.A. DE C.V.<\/strong>\u00a0(en lo sucesivo \u201c<strong>CODESA<\/strong>\u201d), con domicilio en Paseo de Cantil en CDMX es responsable del tratamiento de los datos personales recabados de sus clientes, proveedores, colaboradores y terceros en general, conforme a la Ley Federal de Protecci\u00f3n de Datos Personales en Posesi\u00f3n de los Particulares (LFPDPPP) y dem\u00e1s normatividad aplicable.<\/p>\r\n<p><strong>2. Datos personales recabados<\/strong><\/p>\r\n<p><strong>CODESA<\/strong>\u00a0podr\u00e1 recabar y tratar las siguientes categor\u00edas de datos:<\/p>\r\n<ul>\r\n<li>Datos de identificaci\u00f3n (nombre, CURP, RFC, domicilio, tel\u00e9fono, correo electr\u00f3nico).<\/li>\r\n<li>Datos laborales (puesto, empresa, referencias profesionales).<\/li>\r\n<li>Datos financieros y patrimoniales necesarios para la contrataci\u00f3n de servicios o cumplimiento de obligaciones contractuales.<\/li>\r\n<li>En su caso, datos sensibles relacionados con evaluaciones de riesgo, siempre con consentimiento expreso y por escrito.<\/li>\r\n<\/ul>\r\n<p><strong>3. Finalidades del tratamiento<\/strong><\/p>\r\n<p>Los datos personales ser\u00e1n utilizados para las siguientes finalidades:<\/p>\r\n<p><strong>a)<\/strong>\u00a0 \u00a0<strong>Primarias<\/strong>\u00a0(necesarias):<\/p>\r\n<ul>\r\n<li style=\"list-style-type: none;\">\r\n<ul>\r\n<li>Prestaci\u00f3n de servicios de consultor\u00eda y gesti\u00f3n de riesgos.<\/li>\r\n<li>Prestaci\u00f3n de servicios de capacitaci\u00f3n.<\/li>\r\n<li>Elaboraci\u00f3n de diagn\u00f3sticos y propuestas estrat\u00e9gicas para clientes.<\/li>\r\n<li>Administraci\u00f3n y cumplimiento de contratos.<\/li>\r\n<li>Facturaci\u00f3n y cobranza.<\/li>\r\n<li>Contacto y seguimiento de servicios.<\/li>\r\n<\/ul>\r\n<\/li>\r\n<\/ul>\r\n<p><strong>b)\u00a0 Secundarias<\/strong>\u00a0(no necesarias):<\/p>\r\n<ul>\r\n<li style=\"list-style-type: none;\">\r\n<ul>\r\n<li>Fines mercadot\u00e9cnicos, publicitarios o de prospecci\u00f3n comercial.<\/li>\r\n<li>Invitaci\u00f3n a eventos, capacitaciones y seminarios organizados por la Empresa.<\/li>\r\n<\/ul>\r\n<\/li>\r\n<\/ul>\r\n<p>\u00a0 \u00a0 \u00a0 \u00a0El titular podr\u00e1 manifestar su negativa para el tratamiento de sus datos con finalidades secundarias siguiendo el procedimiento se\u00f1alado en el apartado **6** de este aviso.<\/p>\r\n<p><strong>4. Transferencias de datos personales<\/strong><\/p>\r\n<p><strong>CODESA<\/strong>\u00a0no transferir\u00e1 sus datos personales a terceros sin su consentimiento, salvo en los casos previstos por el art\u00edculo 37 de la LFPDPPP, tales como autoridades competentes que lo requieran por mandato legal o para el cumplimiento de una relaci\u00f3n jur\u00eddica.<\/p>\r\n<p><strong>5. Medidas de seguridad<\/strong><\/p>\r\n<p><strong>CODESA<\/strong>\u00a0adopta medidas administrativas, t\u00e9cnicas y f\u00edsicas necesarias para proteger los datos personales contra da\u00f1o, p\u00e9rdida, alteraci\u00f3n, destrucci\u00f3n o uso no autorizado, de conformidad con los Lineamientos de la LFPDPPP.<\/p>\r\n<p>6. Derechos ARCO (Acceso, Rectificaci\u00f3n, Cancelaci\u00f3n y Oposici\u00f3n)<\/p>\r\n<p>El titular tiene derecho a:<\/p>\r\n<ul>\r\n<li>Acceder a sus datos personales en posesi\u00f3n de CODESA.<\/li>\r\n<li>Rectificarlos en caso de ser inexactos o incompletos.<\/li>\r\n<li>Cancelarlos cuando se estime que no se requieren para las finalidades se\u00f1aladas.<\/li>\r\n<li>Oponerse a su tratamiento para fines espec\u00edficos.<\/li>\r\n<\/ul>\r\n<p>El ejercicio de estos derechos se podr\u00e1 realizar mediante solicitud escrita enviada al correo electr\u00f3nico\u00a0<span id=\"cloakc8ad24e46b918478c0a12d7575ff0766\"><a href=\"mailto:direccion@simamex.com\">direccion@simamex.com<\/a><\/span>\u00a0o en el domicilio se\u00f1alado, conforme al procedimiento interno disponible a petici\u00f3n del titular.<\/p>\r\n<p><strong>7. Uso de cookies y tecnolog\u00edas similares<\/strong><\/p>\r\n<p>El sitio web de\u00a0<strong>CODESA<\/strong>\u00a0puede utilizar cookies y otras tecnolog\u00edas para mejorar la experiencia del usuario, as\u00ed como para obtener informaci\u00f3n estad\u00edstica. El usuario puede deshabilitar estas tecnolog\u00edas desde la configuraci\u00f3n de su navegador.<\/p>\r\n<p><strong>8. Modificaciones a la Pol\u00edtica de Privacidad**<\/strong><\/p>\r\n<p>La Empresa se reserva el derecho de modificar o actualizar en cualquier momento la presente Pol\u00edtica de Privacidad para atender reformas legales, pol\u00edticas internas o nuevos requerimientos de los servicios. Dichas modificaciones estar\u00e1n disponibles en \\[p\u00e1gina web de la empresa] o se comunicar\u00e1n por los medios de contacto proporcionados.<\/p>\r\n<p><strong>9. Autoridad reguladora<\/strong><\/p>\r\n<p>Si el titular considera que su derecho a la protecci\u00f3n de datos personales ha sido vulnerado, podr\u00e1 acudir al Instituto Nacional de Transparencia, Acceso a la Informaci\u00f3n y Protecci\u00f3n de Datos Personales (INAI) en\u00a0<a href=\"http:\/\/www.inai.org.mx\/\" target=\"_blank\" rel=\"noopener\">www.inai.org.mx<\/a><\/p>\r\n<p><strong>CONSORCIO EMPRESARIAL DE CONSULTOR\u00cdA Y DESARROLLO, S.A. DE C.V.<\/strong><\/p>\r\n\r\n<p>&nbsp;<\/p>","protected":false},"excerpt":{"rendered":"<p>**POL\u00cdTICA DE PRIVACIDAD**CONSORCIO EMPRESARIAL DE CONSULTOR\u00cdA Y DESARROLLO, S.A. DE C.V.\u00daltima actualizaci\u00f3n: 10 octubre 2024 &nbsp; 1. Identidad y domicilio del responsable [&hellip;]<\/p>\n","protected":false},"author":1,"featured_media":0,"parent":0,"menu_order":0,"comment_status":"closed","ping_status":"open","template":"","meta":{"episode_type":"","audio_file":"","cover_image":"","cover_image_id":"","duration":"","filesize":"","date_recorded":"","explicit":"","block":"","itunes_episode_number":"","itunes_title":"","itunes_season_number":"","itunes_episode_type":"","filesize_raw":"","_kadence_starter_templates_imported_post":false,"footnotes":""},"class_list":["post-3","page","type-page","status-publish","hentry"],"_links":{"self":[{"href":"https:\/\/nvocodesa.simamex.com\/index.php\/wp-json\/wp\/v2\/pages\/3","targetHints":{"allow":["GET"]}}],"collection":[{"href":"https:\/\/nvocodesa.simamex.com\/index.php\/wp-json\/wp\/v2\/pages"}],"about":[{"href":"https:\/\/nvocodesa.simamex.com\/index.php\/wp-json\/wp\/v2\/types\/page"}],"author":[{"embeddable":true,"href":"https:\/\/nvocodesa.simamex.com\/index.php\/wp-json\/wp\/v2\/users\/1"}],"replies":[{"embeddable":true,"href":"https:\/\/nvocodesa.simamex.com\/index.php\/wp-json\/wp\/v2\/comments?post=3"}],"version-history":[{"count":4,"href":"https:\/\/nvocodesa.simamex.com\/index.php\/wp-json\/wp\/v2\/pages\/3\/revisions"}],"predecessor-version":[{"id":1205,"href":"https:\/\/nvocodesa.simamex.com\/index.php\/wp-json\/wp\/v2\/pages\/3\/revisions\/1205"}],"wp:attachment":[{"href":"https:\/\/nvocodesa.simamex.com\/index.php\/wp-json\/wp\/v2\/media?parent=3"}],"curies":[{"name":"wp","href":"https:\/\/api.w.org\/{rel}","templated":true}]}}