{"id":747,"date":"2025-09-22T01:23:08","date_gmt":"2025-09-22T01:23:08","guid":{"rendered":"https:\/\/nvocodesa.simamex.com\/?page_id=747"},"modified":"2025-09-28T02:47:58","modified_gmt":"2025-09-28T02:47:58","slug":"seguridad-global","status":"publish","type":"page","link":"https:\/\/nvocodesa.simamex.com\/index.php\/seguridad-global\/","title":{"rendered":"Seguridad global"},"content":{"rendered":"\t\t<div data-elementor-type=\"wp-page\" data-elementor-id=\"747\" class=\"elementor elementor-747\">\n\t\t\t\t<div class=\"elementor-element elementor-element-b2e7918 e-flex e-con-boxed e-con e-parent\" data-id=\"b2e7918\" data-element_type=\"container\">\n\t\t\t\t\t<div class=\"e-con-inner\">\n\t\t\t\t<div class=\"elementor-element elementor-element-bd53772 elementor-widget elementor-widget-heading\" data-id=\"bd53772\" data-element_type=\"widget\" data-widget_type=\"heading.default\">\n\t\t\t\t\t<h2 class=\"elementor-heading-title elementor-size-default\">CONSULTOR\u00cdA EN SEGURIDAD GLOBAL<\/h2>\t\t\t\t<\/div>\n\t\t\t\t<div class=\"elementor-element elementor-element-67b06f0 elementor-widget elementor-widget-text-editor\" data-id=\"67b06f0\" data-element_type=\"widget\" data-widget_type=\"text-editor.default\">\n\t\t\t\t\t\t\t\t\t<p style=\"text-align: justify;\">Implementamos soluciones estrat\u00e9gicas para proteger los activos tangibles e intangibles de su empresa frente a riesgos internos y externos. Esto incluye la evaluaci\u00f3n de amenazas, dise\u00f1o de protocolos de seguridad, control de acceso, monitoreo tecnol\u00f3gico y capacitaci\u00f3n al personal. Nuestro enfoque garantiza la continuidad operativa y un entorno empresarial confiable y seguro<\/p>\t\t\t\t\t\t\t\t<\/div>\n\t\t\t\t\t<\/div>\n\t\t\t\t<\/div>\n\t\t<div class=\"elementor-element elementor-element-71dda8b5 e-con-full e-flex e-con e-parent\" data-id=\"71dda8b5\" data-element_type=\"container\" data-settings=\"{&quot;background_background&quot;:&quot;classic&quot;}\">\n\t\t<div class=\"elementor-element elementor-element-65c5be77 e-con-full e-flex e-con e-child\" data-id=\"65c5be77\" data-element_type=\"container\">\n\t\t\t\t<div class=\"elementor-element elementor-element-13aa96bc elementor-widget elementor-widget-heading\" data-id=\"13aa96bc\" data-element_type=\"widget\" data-widget_type=\"heading.default\">\n\t\t\t\t\t<h3 class=\"elementor-heading-title elementor-size-default\">Seguridad global<\/h3>\t\t\t\t<\/div>\n\t\t\t\t<div class=\"elementor-element elementor-element-3d046950 elementor-widget elementor-widget-text-editor\" data-id=\"3d046950\" data-element_type=\"widget\" data-widget_type=\"text-editor.default\">\n\t\t\t\t\t\t\t\t\t<ul><li><p>Bienes\u00a0<\/p><\/li><li><p>Procesos<\/p><\/li><li><p>Personas<\/p><\/li><\/ul>\t\t\t\t\t\t\t\t<\/div>\n\t\t\t\t<\/div>\n\t\t<div class=\"elementor-element elementor-element-707be332 e-con-full e-flex e-con e-child\" data-id=\"707be332\" data-element_type=\"container\">\n\t\t\t\t<div class=\"elementor-element elementor-element-70395d67 elementor-widget elementor-widget-image\" data-id=\"70395d67\" data-element_type=\"widget\" data-widget_type=\"image.default\">\n\t\t\t\t\t\t\t\t\t\t\t\t\t\t\t<img fetchpriority=\"high\" decoding=\"async\" width=\"853\" height=\"430\" src=\"https:\/\/nvocodesa.simamex.com\/wp-content\/uploads\/2025\/09\/seg_global.jpg\" class=\"attachment-large size-large wp-image-1079\" alt=\"\" srcset=\"https:\/\/nvocodesa.simamex.com\/wp-content\/uploads\/2025\/09\/seg_global.jpg 853w, https:\/\/nvocodesa.simamex.com\/wp-content\/uploads\/2025\/09\/seg_global-300x151.jpg 300w, https:\/\/nvocodesa.simamex.com\/wp-content\/uploads\/2025\/09\/seg_global-768x387.jpg 768w, https:\/\/nvocodesa.simamex.com\/wp-content\/uploads\/2025\/09\/seg_global-230x116.jpg 230w, https:\/\/nvocodesa.simamex.com\/wp-content\/uploads\/2025\/09\/seg_global-350x176.jpg 350w, https:\/\/nvocodesa.simamex.com\/wp-content\/uploads\/2025\/09\/seg_global-480x242.jpg 480w\" sizes=\"(max-width: 853px) 100vw, 853px\" \/>\t\t\t\t\t\t\t\t\t\t\t\t\t\t\t<\/div>\n\t\t\t\t<\/div>\n\t\t\t\t<\/div>\n\t\t<div class=\"elementor-element elementor-element-b21ec70 e-con-full e-flex e-con e-parent\" data-id=\"b21ec70\" data-element_type=\"container\" data-settings=\"{&quot;background_background&quot;:&quot;classic&quot;}\">\n\t\t<div class=\"elementor-element elementor-element-432733ed e-con-full e-flex e-con e-child\" data-id=\"432733ed\" data-element_type=\"container\">\n\t\t\t\t<div class=\"elementor-element elementor-element-78824169 elementor-widget elementor-widget-heading\" data-id=\"78824169\" data-element_type=\"widget\" data-widget_type=\"heading.default\">\n\t\t\t\t\t<h3 class=\"elementor-heading-title elementor-size-default\">Investigaciones<\/h3>\t\t\t\t<\/div>\n\t\t\t\t<div class=\"elementor-element elementor-element-13f59218 elementor-widget elementor-widget-text-editor\" data-id=\"13f59218\" data-element_type=\"widget\" data-widget_type=\"text-editor.default\">\n\t\t\t\t\t\t\t\t\t<ul><li>Clientes<\/li><li>Proveedores<\/li><li>Delitos corporativos<\/li><li>Selecci\u00f3n de personal clave<\/li><li>Pruebas de control de confianza<\/li><\/ul>\t\t\t\t\t\t\t\t<\/div>\n\t\t\t\t<\/div>\n\t\t<div class=\"elementor-element elementor-element-4707760a e-con-full e-flex e-con e-child\" data-id=\"4707760a\" data-element_type=\"container\">\n\t\t\t\t<div class=\"elementor-element elementor-element-36174d19 elementor-widget elementor-widget-image\" data-id=\"36174d19\" data-element_type=\"widget\" data-widget_type=\"image.default\">\n\t\t\t\t\t\t\t\t\t\t\t\t\t\t\t<img decoding=\"async\" width=\"853\" height=\"430\" src=\"https:\/\/nvocodesa.simamex.com\/wp-content\/uploads\/2025\/09\/Seguridad-investigaciones.jpg\" class=\"attachment-large size-large wp-image-1080\" alt=\"\" srcset=\"https:\/\/nvocodesa.simamex.com\/wp-content\/uploads\/2025\/09\/Seguridad-investigaciones.jpg 853w, https:\/\/nvocodesa.simamex.com\/wp-content\/uploads\/2025\/09\/Seguridad-investigaciones-300x151.jpg 300w, https:\/\/nvocodesa.simamex.com\/wp-content\/uploads\/2025\/09\/Seguridad-investigaciones-768x387.jpg 768w, https:\/\/nvocodesa.simamex.com\/wp-content\/uploads\/2025\/09\/Seguridad-investigaciones-230x116.jpg 230w, https:\/\/nvocodesa.simamex.com\/wp-content\/uploads\/2025\/09\/Seguridad-investigaciones-350x176.jpg 350w, https:\/\/nvocodesa.simamex.com\/wp-content\/uploads\/2025\/09\/Seguridad-investigaciones-480x242.jpg 480w\" sizes=\"(max-width: 853px) 100vw, 853px\" \/>\t\t\t\t\t\t\t\t\t\t\t\t\t\t\t<\/div>\n\t\t\t\t<\/div>\n\t\t\t\t<\/div>\n\t\t<div class=\"elementor-element elementor-element-4678980 e-con-full e-flex e-con e-parent\" data-id=\"4678980\" data-element_type=\"container\" data-settings=\"{&quot;background_background&quot;:&quot;classic&quot;}\">\n\t\t<div class=\"elementor-element elementor-element-38b24f9 e-con-full e-flex e-con e-child\" data-id=\"38b24f9\" data-element_type=\"container\">\n\t\t\t\t<div class=\"elementor-element elementor-element-052a6ef elementor-widget elementor-widget-heading\" data-id=\"052a6ef\" data-element_type=\"widget\" data-widget_type=\"heading.default\">\n\t\t\t\t\t<h3 class=\"elementor-heading-title elementor-size-default\">Cumplimiento penal<\/h3>\t\t\t\t<\/div>\n\t\t\t\t<div class=\"elementor-element elementor-element-1c22be4 elementor-widget elementor-widget-text-editor\" data-id=\"1c22be4\" data-element_type=\"widget\" data-widget_type=\"text-editor.default\">\n\t\t\t\t\t\t\t\t\t<ul><li><p>LGRA (Responsabilidades administrativas)<\/p><\/li><li><p>LFPIORPI (Operaciones con recursos de procedencia il\u00edcita)<\/p><\/li><li><p>LFACP (Anticorrupci\u00f3n en contrataciones p\u00fablicas)<\/p><\/li><li><p>LFCE (Competencia econ\u00f3mica)<\/p><\/li><\/ul>\t\t\t\t\t\t\t\t<\/div>\n\t\t\t\t<\/div>\n\t\t<div class=\"elementor-element elementor-element-ee2ac1e e-con-full e-flex e-con e-child\" data-id=\"ee2ac1e\" data-element_type=\"container\">\n\t\t\t\t<div class=\"elementor-element elementor-element-e8cda63 elementor-widget elementor-widget-image\" data-id=\"e8cda63\" data-element_type=\"widget\" data-widget_type=\"image.default\">\n\t\t\t\t\t\t\t\t\t\t\t\t\t\t\t<img decoding=\"async\" width=\"853\" height=\"430\" src=\"https:\/\/nvocodesa.simamex.com\/wp-content\/uploads\/2025\/09\/cumplimieto-legal.jpg\" class=\"attachment-large size-large wp-image-1081\" alt=\"\" srcset=\"https:\/\/nvocodesa.simamex.com\/wp-content\/uploads\/2025\/09\/cumplimieto-legal.jpg 853w, https:\/\/nvocodesa.simamex.com\/wp-content\/uploads\/2025\/09\/cumplimieto-legal-300x151.jpg 300w, https:\/\/nvocodesa.simamex.com\/wp-content\/uploads\/2025\/09\/cumplimieto-legal-768x387.jpg 768w, https:\/\/nvocodesa.simamex.com\/wp-content\/uploads\/2025\/09\/cumplimieto-legal-230x116.jpg 230w, https:\/\/nvocodesa.simamex.com\/wp-content\/uploads\/2025\/09\/cumplimieto-legal-350x176.jpg 350w, https:\/\/nvocodesa.simamex.com\/wp-content\/uploads\/2025\/09\/cumplimieto-legal-480x242.jpg 480w\" sizes=\"(max-width: 853px) 100vw, 853px\" \/>\t\t\t\t\t\t\t\t\t\t\t\t\t\t\t<\/div>\n\t\t\t\t<\/div>\n\t\t\t\t<\/div>\n\t\t\t\t<\/div>\n\t\t","protected":false},"excerpt":{"rendered":"<p>CONSULTOR\u00cdA EN SEGURIDAD GLOBAL Implementamos soluciones estrat\u00e9gicas para proteger los activos tangibles e intangibles de su empresa frente a riesgos internos y [&hellip;]<\/p>\n","protected":false},"author":1,"featured_media":0,"parent":0,"menu_order":0,"comment_status":"closed","ping_status":"closed","template":"","meta":{"episode_type":"","audio_file":"","cover_image":"","cover_image_id":"","duration":"","filesize":"","date_recorded":"","explicit":"","block":"","itunes_episode_number":"","itunes_title":"","itunes_season_number":"","itunes_episode_type":"","filesize_raw":"","_kadence_starter_templates_imported_post":false,"footnotes":""},"class_list":["post-747","page","type-page","status-publish","hentry"],"_links":{"self":[{"href":"https:\/\/nvocodesa.simamex.com\/index.php\/wp-json\/wp\/v2\/pages\/747","targetHints":{"allow":["GET"]}}],"collection":[{"href":"https:\/\/nvocodesa.simamex.com\/index.php\/wp-json\/wp\/v2\/pages"}],"about":[{"href":"https:\/\/nvocodesa.simamex.com\/index.php\/wp-json\/wp\/v2\/types\/page"}],"author":[{"embeddable":true,"href":"https:\/\/nvocodesa.simamex.com\/index.php\/wp-json\/wp\/v2\/users\/1"}],"replies":[{"embeddable":true,"href":"https:\/\/nvocodesa.simamex.com\/index.php\/wp-json\/wp\/v2\/comments?post=747"}],"version-history":[{"count":59,"href":"https:\/\/nvocodesa.simamex.com\/index.php\/wp-json\/wp\/v2\/pages\/747\/revisions"}],"predecessor-version":[{"id":1302,"href":"https:\/\/nvocodesa.simamex.com\/index.php\/wp-json\/wp\/v2\/pages\/747\/revisions\/1302"}],"wp:attachment":[{"href":"https:\/\/nvocodesa.simamex.com\/index.php\/wp-json\/wp\/v2\/media?parent=747"}],"curies":[{"name":"wp","href":"https:\/\/api.w.org\/{rel}","templated":true}]}}